{"id":1752,"date":"2023-05-31T18:27:16","date_gmt":"2023-05-31T16:27:16","guid":{"rendered":"https:\/\/www.autobordin.ch\/contact-et-heures-douverture\/"},"modified":"2023-07-10T13:53:31","modified_gmt":"2023-07-10T11:53:31","slug":"contact-et-heures-douverture","status":"publish","type":"page","link":"https:\/\/www.autobordin.ch\/fr\/contact-et-heures-douverture\/","title":{"rendered":"Contact et heures d&rsquo;ouverture"},"content":{"rendered":"<style type=\"text\/css\"> \n#cmsms_row_69f2a893f08029_52361488 .cmsms_row_outer_parent { \n\tpadding-top: 0px; \n} \n\n#cmsms_row_69f2a893f08029_52361488 .cmsms_row_outer_parent { \n\tpadding-bottom: 50px; \n} \n\n \n#cmsms_row_69f2a893f136f3_44641987 .cmsms_row_outer_parent { \n\tpadding-top: 0px; \n} \n\n#cmsms_row_69f2a893f136f3_44641987 .cmsms_row_outer_parent { \n\tpadding-bottom: 50px; \n} \n\n<\/style><div id=\"cmsms_row_69f2a893f08029_52361488\" class=\"cmsms_row cmsms_color_scheme_default\">\n<div class=\"cmsms_row_outer_parent\">\n<div class=\"cmsms_row_outer\">\n<div class=\"cmsms_row_inner\">\n<div class=\"cmsms_row_margin\">\n<div class=\"cmsms_column one_first\">\n<div class=\"cmsms_text\">\n<div id=\"id16\" class=\"style_SkipStroke_3 shape-with-text\">\n<div class=\"text-content graphic_textbox_layout_style_default_External_100_39\">\n<div class=\"graphic_textbox_layout_style_default\">\n<h1 class=\"paragraph_style_3\"><strong>Contact<\/strong><\/h1>\n<\/div>\n<\/div>\n<\/div>\n<div id=\"id17\" class=\"style_SkipStroke_3 shape-with-text\">\n<div class=\"text-content graphic_textbox_layout_style_default_External_238_176\">\n<div class=\"graphic_textbox_layout_style_default\">\n<p class=\"paragraph_style_4\">Auto Bordin GmbH<\/p>\n<p class=\"paragraph_style_4\">Dorfstrasse 1<\/p>\n<p class=\"paragraph_style_4\">2544 Bettlach<\/p>\n<p class=\"paragraph_style_4\">Mobile <a href=\"tel:+41796315594\">+41 79 631 55 94<\/a><\/p>\n<p class=\"paragraph_style_4\">Mobile <a href=\"tel:+41795302805\">+41 79 530 28 05<\/a><\/p>\n<p class=\"paragraph_style_4\">Email <a title=\"mailto:info@autobordin.ch\" href=\"mailto:info@autobordin.ch\">info@autobordin.ch<\/a><\/p>\n<\/div>\n<\/div>\n<\/div>\n<div id=\"id18\" class=\"style_SkipStroke_3 shape-with-text\">\n<div class=\"text-content graphic_textbox_layout_style_default_External_217_44\">\n<div class=\"graphic_textbox_layout_style_default\">\n<h1 class=\"paragraph_style_3\"><strong>Heures d&rsquo;ouverture<\/strong><\/h1>\n<\/div>\n<\/div>\n<\/div>\n<div id=\"id19\" class=\"style_SkipStroke_3 shape-with-text\">\n<div class=\"text-content graphic_textbox_layout_style_default_External_556_155\">\n<div class=\"graphic_textbox_layout_style_default\">\n<p class=\"paragraph_style_4\">Nous sommes constamment \u00e0 la recherche de biens automobiles int\u00e9ressants et de qualit\u00e9.<\/p>\n<p class=\"paragraph_style_4\">En plus, nous sommes toujours en voyage, donc nous ne sommes pas toujours dans notre entreprise.<\/p>\n<p class=\"paragraph_style_4\">Dans ce sens, nous vous prions de prendre rendez-vous par e-mail ou par t\u00e9l\u00e9phone pour une visite du v\u00e9hicule.<\/p>\n<p class=\"paragraph_style_4\">Merci de votre compr\u00e9hension.<\/p>\n<\/div>\n<\/div>\n<\/div>\n<\/div>\n<\/div>\n<\/div>\n<\/div>\n<\/div>\n<\/div>\n<\/div>\n<div id=\"cmsms_row_69f2a893f136f3_44641987\" class=\"cmsms_row cmsms_color_scheme_default\">\n<div class=\"cmsms_row_outer_parent\">\n<div class=\"cmsms_row_outer\">\n<div class=\"cmsms_row_inner\">\n<div class=\"cmsms_row_margin\">\n<div class=\"cmsms_column one_first\">\n<\/div>\n<\/div>\n<\/div>\n<\/div>\n<\/div>\n<\/div>\n\n","protected":false},"excerpt":{"rendered":"","protected":false},"author":1,"featured_media":0,"parent":0,"menu_order":0,"comment_status":"closed","ping_status":"closed","template":"","meta":{"footnotes":""},"class_list":["post-1752","page","type-page","status-publish","hentry"],"aioseo_notices":[],"_links":{"self":[{"href":"https:\/\/www.autobordin.ch\/fr\/wp-json\/wp\/v2\/pages\/1752","targetHints":{"allow":["GET"]}}],"collection":[{"href":"https:\/\/www.autobordin.ch\/fr\/wp-json\/wp\/v2\/pages"}],"about":[{"href":"https:\/\/www.autobordin.ch\/fr\/wp-json\/wp\/v2\/types\/page"}],"author":[{"embeddable":true,"href":"https:\/\/www.autobordin.ch\/fr\/wp-json\/wp\/v2\/users\/1"}],"replies":[{"embeddable":true,"href":"https:\/\/www.autobordin.ch\/fr\/wp-json\/wp\/v2\/comments?post=1752"}],"version-history":[{"count":0,"href":"https:\/\/www.autobordin.ch\/fr\/wp-json\/wp\/v2\/pages\/1752\/revisions"}],"wp:attachment":[{"href":"https:\/\/www.autobordin.ch\/fr\/wp-json\/wp\/v2\/media?parent=1752"}],"curies":[{"name":"wp","href":"https:\/\/api.w.org\/{rel}","templated":true}]}}