{"id":1753,"date":"2023-05-31T18:25:08","date_gmt":"2023-05-31T16:25:08","guid":{"rendered":"https:\/\/www.autobordin.ch\/services\/"},"modified":"2025-09-24T20:55:24","modified_gmt":"2025-09-24T18:55:24","slug":"services","status":"publish","type":"page","link":"https:\/\/www.autobordin.ch\/fr\/services\/","title":{"rendered":"Services"},"content":{"rendered":"<style type=\"text\/css\"> \n#cmsms_row_69f5b059195114_35815728 .cmsms_row_outer_parent { \n\tpadding-top: 0px; \n} \n\n#cmsms_row_69f5b059195114_35815728 .cmsms_row_outer_parent { \n\tpadding-bottom: 50px; \n} \n\n<\/style><div id=\"cmsms_row_69f5b059195114_35815728\" class=\"cmsms_row cmsms_color_scheme_default\">\n<div class=\"cmsms_row_outer_parent\">\n<div class=\"cmsms_row_outer\">\n<div class=\"cmsms_row_inner\">\n<div class=\"cmsms_row_margin\">\n<div class=\"cmsms_column one_first\">\n<div class=\"cmsms_text\">\n<h1>Vente<\/h1>\n<p>Avec plus de 40 ans d&rsquo;exp\u00e9rience depuis la cr\u00e9ation de notre entreprise, Auto Bordin est synonyme de vente de v\u00e9hicules soigneusement s\u00e9lectionn\u00e9s.<\/p>\n<p>Notre assortiment comprend aussi bien des mod\u00e8les actuels que des classiques intemporels.<\/p>\n<p>Nous contr\u00f4lons minutieusement chaque v\u00e9hicule et, le cas \u00e9ch\u00e9ant, nous le remettons en \u00e9tat afin de garantir \u00e0 nos clients une qualit\u00e9 maximale.<\/p>\n<p>Notre principe directeur est le suivant : \u00ab\u00a0Nous ne vendons que des v\u00e9hicules que nous aimerions conduire nous-m\u00eames\u00a0\u00bb.<\/p>\n<p>C&rsquo;est pourquoi nous proposons toujours un grand nombre de v\u00e9hicules neufs, uniques et rares.<\/p>\n<h2><a title=\"Occasions.html\" href=\"https:\/\/www.autobordin.ch\/fr\/occasions\/?lang=fr\">Vers l&rsquo;offre de v\u00e9hicules<\/a><\/h2>\n<h2>Achat<\/h2>\n<p>Vendre ou \u00e9changer votre v\u00e9hicule ?<\/p>\n<p>Si vous \u00eates en possession d&rsquo;un v\u00e9hicule qui pourrait nous int\u00e9resser ou si vous souhaitez \u00e9changer un v\u00e9hicule, veuillez nous envoyer une photo ainsi que les principales informations concernant votre v\u00e9hicule \u00e0 l&rsquo;adresse e-mail suivante : <a href=\"mailto:info@autobordin.ch\" target=\"_new\" rel=\"noopener\">info@autobordin.ch.<\/a><\/p>\n<p>Nous examinerons imm\u00e9diatement votre offre et vous r\u00e9pondrons dans les plus brefs d\u00e9lais. Merci beaucoup.<\/p>\n<h2>Financement<\/h2>\n<p>Vous souhaitez utiliser le v\u00e9hicule de votre choix sans devoir l&rsquo;acheter ?<\/p>\n<p>Avec un contrat de leasing, c&rsquo;est possible : vous \u00e9conomisez le prix d&rsquo;achat et ne payez que pour l&rsquo;utilisation.<\/p>\n<p>M\u00eame pour les v\u00e9hicules plus anciens qui ne peuvent plus \u00eatre lou\u00e9s, nous avons la solution ad\u00e9quate : nous proposons des cr\u00e9dits.<\/p>\n<p>Contactez-nous pour une solution de financement sur mesure.<\/p>\n<h2>Garantie<\/h2>\n<p>Remarque : sauf indication contraire dans l&rsquo;annonce, tous nos v\u00e9hicules sont r\u00e9guli\u00e8rement entretenus et soumis \u00e0 des contr\u00f4les stricts du Contr\u00f4le des v\u00e9hicules \u00e0 moteur Suisse.<\/p>\n<p>Si vous souhaitez n\u00e9anmoins souscrire une assurance, nous avons ce qu&rsquo;il vous faut.<\/p>\n<p>Dans chaque annonce de v\u00e9hicule, vous trouverez d\u00e9j\u00e0 des informations sur les offres de garantie Q-Base. Si vous souhaitez une couverture plus \u00e9tendue, nous vous proposons volontiers d&rsquo;autres options avantageuses.<\/p>\n<p>Le graphique ci-dessous montre les diff\u00e9rentes possibilit\u00e9s de garantie qui peuvent \u00eatre souscrites lors de l&rsquo;achat d&rsquo;un v\u00e9hicule.<\/p>\n<div id=\"id25\" class=\"style_SkipStroke_2 shape-with-text\">\n<div class=\"text-content graphic_textbox_layout_style_default_External_653_32\">\n<div class=\"graphic_textbox_layout_style_default\">\n<p class=\"Free_Form\">( Uniquement pour les v\u00e9hicules de moins de 12 ans et ne d\u00e9passant pas 170&rsquo;000 km )<\/p>\n<p><img decoding=\"async\" class=\"wp-image-444 alignleft lazyload\" data-src=\"https:\/\/www.autobordin.ch\/wp-content\/uploads\/2023\/06\/q10.jpg\" alt=\"\" width=\"984\" height=\"984\" data-srcset=\"https:\/\/www.autobordin.ch\/wp-content\/uploads\/2023\/06\/q10.jpg 907w, https:\/\/www.autobordin.ch\/wp-content\/uploads\/2023\/06\/q10-300x300.jpg 300w, https:\/\/www.autobordin.ch\/wp-content\/uploads\/2023\/06\/q10-150x150.jpg 150w, https:\/\/www.autobordin.ch\/wp-content\/uploads\/2023\/06\/q10-768x768.jpg 768w, https:\/\/www.autobordin.ch\/wp-content\/uploads\/2023\/06\/q10-55x55.jpg 55w, https:\/\/www.autobordin.ch\/wp-content\/uploads\/2023\/06\/q10-250x250.jpg 250w, https:\/\/www.autobordin.ch\/wp-content\/uploads\/2023\/06\/q10-580x580.jpg 580w, https:\/\/www.autobordin.ch\/wp-content\/uploads\/2023\/06\/q10-820x820.jpg 820w\" data-sizes=\"(max-width: 984px) 100vw, 984px\" src=\"data:image\/svg+xml;base64,PHN2ZyB3aWR0aD0iMSIgaGVpZ2h0PSIxIiB4bWxucz0iaHR0cDovL3d3dy53My5vcmcvMjAwMC9zdmciPjwvc3ZnPg==\" style=\"--smush-placeholder-width: 984px; --smush-placeholder-aspect-ratio: 984\/984;\" \/><\/p>\n<\/div>\n<\/div>\n<\/div>\n<\/div>\n<\/div>\n<\/div>\n<\/div>\n<\/div>\n<\/div>\n<\/div>\n\n","protected":false},"excerpt":{"rendered":"","protected":false},"author":1,"featured_media":0,"parent":0,"menu_order":0,"comment_status":"closed","ping_status":"closed","template":"","meta":{"footnotes":""},"class_list":["post-1753","page","type-page","status-publish","hentry"],"aioseo_notices":[],"_links":{"self":[{"href":"https:\/\/www.autobordin.ch\/fr\/wp-json\/wp\/v2\/pages\/1753","targetHints":{"allow":["GET"]}}],"collection":[{"href":"https:\/\/www.autobordin.ch\/fr\/wp-json\/wp\/v2\/pages"}],"about":[{"href":"https:\/\/www.autobordin.ch\/fr\/wp-json\/wp\/v2\/types\/page"}],"author":[{"embeddable":true,"href":"https:\/\/www.autobordin.ch\/fr\/wp-json\/wp\/v2\/users\/1"}],"replies":[{"embeddable":true,"href":"https:\/\/www.autobordin.ch\/fr\/wp-json\/wp\/v2\/comments?post=1753"}],"version-history":[{"count":0,"href":"https:\/\/www.autobordin.ch\/fr\/wp-json\/wp\/v2\/pages\/1753\/revisions"}],"wp:attachment":[{"href":"https:\/\/www.autobordin.ch\/fr\/wp-json\/wp\/v2\/media?parent=1753"}],"curies":[{"name":"wp","href":"https:\/\/api.w.org\/{rel}","templated":true}]}}